{"id":1222,"date":"2026-03-16T11:27:43","date_gmt":"2026-03-16T16:27:43","guid":{"rendered":"https:\/\/www.cujtec.edu.co\/?page_id=1222"},"modified":"2026-03-26T14:06:14","modified_gmt":"2026-03-26T19:06:14","slug":"redaccion-empresarial","status":"publish","type":"page","link":"https:\/\/www.cujtec.edu.co\/index.php\/redaccion-empresarial\/","title":{"rendered":"Redacci\u00f3n Empresarial"},"content":{"rendered":"<p>[et_pb_section fb_built=&#8221;1&#8243; _builder_version=&#8221;4.23.1&#8243; _module_preset=&#8221;default&#8221; background_enable_color=&#8221;off&#8221; custom_margin=&#8221;-10px|||||&#8221; custom_padding=&#8221;0px||4px|||&#8221; da_disable_devices=&#8221;off|off|off&#8221; global_colors_info=&#8221;{}&#8221; da_is_popup=&#8221;off&#8221; da_exit_intent=&#8221;off&#8221; da_has_close=&#8221;on&#8221; da_alt_close=&#8221;off&#8221; da_dark_close=&#8221;off&#8221; da_not_modal=&#8221;on&#8221; da_is_singular=&#8221;off&#8221; da_with_loader=&#8221;off&#8221; da_has_shadow=&#8221;on&#8221;][et_pb_row column_structure=&#8221;1_4,1_4,1_4,1_4&#8243; _builder_version=&#8221;4.27.0&#8243; _module_preset=&#8221;default&#8221; custom_padding=&#8221;||8px|||&#8221; global_colors_info=&#8221;{}&#8221;][et_pb_column type=&#8221;1_4&#8243; _builder_version=&#8221;4.27.0&#8243; _module_preset=&#8221;default&#8221; global_colors_info=&#8221;{}&#8221;][et_pb_text _builder_version=&#8221;4.23.1&#8243; _module_preset=&#8221;default&#8221; header_2_font=&#8221;|700|||||||&#8221; header_2_font_size=&#8221;32px&#8221; custom_padding=&#8221;30px||||false|false&#8221; link_option_url=&#8221;https:\/\/www.cujtec.edu.co\/&#8221; global_colors_info=&#8221;{}&#8221;]<\/p>\n<h2 style=\"text-align: center;\"><strong>Alianza<\/strong><\/h2>\n<p>[\/et_pb_text][\/et_pb_column][et_pb_column type=&#8221;1_4&#8243; _builder_version=&#8221;4.27.0&#8243; _module_preset=&#8221;default&#8221; global_colors_info=&#8221;{}&#8221;][et_pb_image src=&#8221;https:\/\/www.cujtec.edu.co\/wp-content\/uploads\/2025\/10\/LG-JAVERIANA-1.png&#8221; title_text=&#8221;LG-JAVERIANA&#8221; align=&#8221;center&#8221; src_tablet=&#8221;https:\/\/www.cujtec.edu.co\/wp-content\/uploads\/2025\/10\/LGO-JAVERIANA.png&#8221; src_phone=&#8221;https:\/\/www.cujtec.edu.co\/wp-content\/uploads\/2025\/10\/LGO-JAVERIANA.png&#8221; src_last_edited=&#8221;on|phone&#8221; _builder_version=&#8221;4.23.1&#8243; _module_preset=&#8221;default&#8221; width_tablet=&#8221;&#8221; width_phone=&#8221;70%&#8221; width_last_edited=&#8221;on|desktop&#8221; module_alignment=&#8221;center&#8221; global_colors_info=&#8221;{}&#8221;][\/et_pb_image][\/et_pb_column][et_pb_column type=&#8221;1_4&#8243; _builder_version=&#8221;4.27.0&#8243; _module_preset=&#8221;default&#8221; global_colors_info=&#8221;{}&#8221;][et_pb_image src=&#8221;https:\/\/www.cujtec.edu.co\/wp-content\/uploads\/2025\/10\/LOGO-UNICAFAM-1.png&#8221; title_text=&#8221;LOGO-UNICAFAM&#8221; align=&#8221;center&#8221; _builder_version=&#8221;4.23.1&#8243; _module_preset=&#8221;default&#8221; width_tablet=&#8221;&#8221; width_phone=&#8221;80%&#8221; width_last_edited=&#8221;on|phone&#8221; module_alignment=&#8221;center&#8221; global_colors_info=&#8221;{}&#8221;][\/et_pb_image][\/et_pb_column][et_pb_column type=&#8221;1_4&#8243; _builder_version=&#8221;4.27.0&#8243; _module_preset=&#8221;default&#8221; global_colors_info=&#8221;{}&#8221;][et_pb_image src=&#8221;https:\/\/www.cujtec.edu.co\/wp-content\/uploads\/2025\/10\/L-CAFAM.png&#8221; title_text=&#8221;L-CAFAM&#8221; align=&#8221;center&#8221; align_tablet=&#8221;right&#8221; align_phone=&#8221;right&#8221; align_last_edited=&#8221;on|tablet&#8221; _builder_version=&#8221;4.23.1&#8243; _module_preset=&#8221;default&#8221; width_tablet=&#8221;&#8221; width_phone=&#8221;85%&#8221; width_last_edited=&#8221;on|phone&#8221; module_alignment=&#8221;center&#8221; global_colors_info=&#8221;{}&#8221;][\/et_pb_image][\/et_pb_column][\/et_pb_row][\/et_pb_section][et_pb_section fb_built=&#8221;1&#8243; custom_padding_last_edited=&#8221;on|phone&#8221; _builder_version=&#8221;4.23.1&#8243; _module_preset=&#8221;default&#8221; background_enable_color=&#8221;off&#8221; use_background_color_gradient=&#8221;on&#8221; background_color_gradient_direction=&#8221;139deg&#8221; background_color_gradient_stops=&#8221;rgba(0,119,184,0.18) 0%|#0077b8 100%&#8221; background_enable_image=&#8221;off&#8221; background_position=&#8221;center_right&#8221; custom_padding=&#8221;5px||5px|||&#8221; custom_padding_tablet=&#8221;89px|||||&#8221; custom_padding_phone=&#8221;10px||||false|false&#8221; background_last_edited=&#8221;on|desktop&#8221; background_enable_image_tablet=&#8221;off&#8221; background_enable_image_phone=&#8221;off&#8221; da_disable_devices=&#8221;off|off|off&#8221; global_colors_info=&#8221;{}&#8221; da_is_popup=&#8221;off&#8221; da_exit_intent=&#8221;off&#8221; da_has_close=&#8221;on&#8221; da_alt_close=&#8221;off&#8221; da_dark_close=&#8221;off&#8221; da_not_modal=&#8221;on&#8221; da_is_singular=&#8221;off&#8221; da_with_loader=&#8221;off&#8221; da_has_shadow=&#8221;on&#8221;][et_pb_row column_structure=&#8221;1_2,1_2&#8243; module_id=&#8221;registro&#8221; _builder_version=&#8221;4.23.1&#8243; _module_preset=&#8221;default&#8221; custom_padding=&#8221;25px|||||&#8221; global_colors_info=&#8221;{}&#8221;][et_pb_column type=&#8221;1_2&#8243; _builder_version=&#8221;4.27.0&#8243; _module_preset=&#8221;default&#8221; global_colors_info=&#8221;{}&#8221;][et_pb_image src=&#8221;https:\/\/www.cujtec.edu.co\/wp-content\/uploads\/2026\/03\/Redaccion-Empresarial.jpg&#8221; title_text=&#8221;Redacci\u00f3n Empresarial&#8221; admin_label=&#8221;Image&#8221; _builder_version=&#8221;4.23.1&#8243; _module_preset=&#8221;default&#8221; global_colors_info=&#8221;{}&#8221;][\/et_pb_image][\/et_pb_column][et_pb_column type=&#8221;1_2&#8243; _builder_version=&#8221;4.23.1&#8243; _module_preset=&#8221;default&#8221; background_enable_color=&#8221;off&#8221; global_colors_info=&#8221;{}&#8221;][et_pb_text _builder_version=&#8221;4.23.1&#8243; _module_preset=&#8221;default&#8221; text_font=&#8221;Overpass|800|||||||&#8221; header_font=&#8221;Overpass|900|||||||&#8221; header_text_color=&#8221;#0077b8&#8243; header_font_size=&#8221;24px&#8221; header_4_font=&#8221;|600|||||||&#8221; header_4_font_size=&#8221;22px&#8221; header_4_line_height=&#8221;1.5em&#8221; background_color=&#8221;#FFFFFF&#8221; width=&#8221;19%&#8221; width_tablet=&#8221;100%&#8221; width_phone=&#8221;100%&#8221; width_last_edited=&#8221;on|phone&#8221; module_alignment=&#8221;left&#8221; custom_margin=&#8221;||10px||false|false&#8221; custom_padding=&#8221;12px|6px||5px|false|false&#8221; border_radii=&#8221;on|20px|20px|20px|20px&#8221; global_colors_info=&#8221;{}&#8221;]<\/p>\n<h1 style=\"text-align: left;\">CURSO<\/h1>\n<p>[\/et_pb_text][et_pb_text _builder_version=&#8221;4.23.1&#8243; _module_preset=&#8221;default&#8221; text_font=&#8221;Overpass||||||||&#8221; header_font=&#8221;Overpass||||||||&#8221; header_font_size=&#8221;28px&#8221; header_4_font=&#8221;|600|||||||&#8221; header_4_font_size=&#8221;22px&#8221; header_4_line_height=&#8221;1.5em&#8221; custom_margin=&#8221;||15px|||&#8221; custom_padding=&#8221;|5px||5px|false|false&#8221; global_colors_info=&#8221;{}&#8221;]<\/p>\n<h1 style=\"text-align: left;\"><strong><span style=\"color: #ffffff;\">Redacci\u00f3n Empresarial\t\t\t\t<\/p>\n<p><\/span><\/strong><\/h1>\n<p>[\/et_pb_text][et_pb_blurb title=&#8221;Clases presenciales: mi\u00e9rcoles y viernes de 4:00 p.m. a 6:00 p.m.\t\t\t\t\t\t\t\t&#8221; use_icon=&#8221;on&#8221; font_icon=&#8221;&#x3d;||divi||400&#8243; icon_color=&#8221;#FFFFFF&#8221; icon_placement=&#8221;left&#8221; image_icon_width=&#8221;21px&#8221; admin_label=&#8221;Blurb&#8221; _builder_version=&#8221;4.23.1&#8243; _module_preset=&#8221;default&#8221; header_font=&#8221;Overpass|700|||||||&#8221; header_text_color=&#8221;#FFFFFF&#8221; header_font_size=&#8221;16px&#8221; custom_margin=&#8221;||14px|||&#8221; global_colors_info=&#8221;{}&#8221;][\/et_pb_blurb][et_pb_blurb title=&#8221;Modalidad: Presencial \t\t\t\t\t&#8221; use_icon=&#8221;on&#8221; font_icon=&#8221;&#x3d;||divi||400&#8243; icon_color=&#8221;#FFFFFF&#8221; icon_placement=&#8221;left&#8221; image_icon_width=&#8221;21px&#8221; admin_label=&#8221;Blurb&#8221; _builder_version=&#8221;4.23.1&#8243; _module_preset=&#8221;default&#8221; header_font=&#8221;Overpass|700|||||||&#8221; header_text_color=&#8221;#FFFFFF&#8221; header_font_size=&#8221;16px&#8221; custom_margin=&#8221;||17px|||&#8221; global_colors_info=&#8221;{}&#8221;][\/et_pb_blurb][et_pb_blurb title=&#8221;Duraci\u00f3n: 12 horas&#8221; use_icon=&#8221;on&#8221; font_icon=&#8221;&#x3d;||divi||400&#8243; icon_color=&#8221;#FFFFFF&#8221; icon_placement=&#8221;left&#8221; image_icon_width=&#8221;21px&#8221; admin_label=&#8221;Blurb&#8221; _builder_version=&#8221;4.23.1&#8243; _module_preset=&#8221;default&#8221; header_font=&#8221;Overpass|700|||||||&#8221; header_text_color=&#8221;#FFFFFF&#8221; header_font_size=&#8221;16px&#8221; custom_margin=&#8221;||17px|||&#8221; global_colors_info=&#8221;{}&#8221;][\/et_pb_blurb][et_pb_blurb title=&#8221;Fecha de inicio: Mayo 27 de 2026\t&#8221; use_icon=&#8221;on&#8221; font_icon=&#8221;&#x3d;||divi||400&#8243; icon_color=&#8221;#FFFFFF&#8221; icon_placement=&#8221;left&#8221; image_icon_width=&#8221;21px&#8221; admin_label=&#8221;Blurb&#8221; _builder_version=&#8221;4.23.1&#8243; _module_preset=&#8221;default&#8221; header_font=&#8221;Overpass|700|||||||&#8221; header_text_color=&#8221;#FFFFFF&#8221; header_font_size=&#8221;16px&#8221; custom_margin=&#8221;||19px|||&#8221; global_colors_info=&#8221;{}&#8221;][\/et_pb_blurb][et_pb_blurb title=&#8221;Tarifa plena: $ 253.800 (Ver tarifas aqu\u00ed)&#8221; use_icon=&#8221;on&#8221; font_icon=&#8221;&#x3d;||divi||400&#8243; icon_color=&#8221;#FFFFFF&#8221; icon_placement=&#8221;left&#8221; image_icon_width=&#8221;21px&#8221; admin_label=&#8221;Blurb&#8221; _builder_version=&#8221;4.23.1&#8243; _module_preset=&#8221;default&#8221; header_font=&#8221;Overpass|700|||||||&#8221; header_text_color=&#8221;#FFFFFF&#8221; header_font_size=&#8221;16px&#8221; link_option_url=&#8221;#precios1&#8243; global_colors_info=&#8221;{}&#8221;][\/et_pb_blurb][et_pb_button button_url=&#8221;#&#8221; url_new_window=&#8221;on&#8221; button_text=&#8221;Inscr\u00edbete&#8221; button_alignment=&#8221;left&#8221; disabled_on=&#8221;off|off|off&#8221; _builder_version=&#8221;4.23.1&#8243; _module_preset=&#8221;default&#8221; custom_button=&#8221;on&#8221; button_text_size=&#8221;16px&#8221; button_text_color=&#8221;#FFFFFF&#8221; button_bg_color=&#8221;#0077b8&#8243; button_border_width=&#8221;0px&#8221; button_border_radius=&#8221;20px&#8221; button_font=&#8221;|700|||||||&#8221; custom_margin=&#8221;1px|||||&#8221; custom_padding=&#8221;3px|||||&#8221; global_colors_info=&#8221;{}&#8221; button_bg_color__hover_enabled=&#8221;on|hover&#8221; button_bg_color__hover=&#8221;#11a8ea&#8221; button_bg_enable_color__hover=&#8221;on&#8221;][\/et_pb_button][\/et_pb_column][\/et_pb_row][\/et_pb_section][et_pb_section fb_built=&#8221;1&#8243; admin_label=&#8221;Popup &#8211; #precios1&#8243; module_id=&#8221;precios1&#8243; module_class=&#8221;popup&#8221; _builder_version=&#8221;4.23.1&#8243; _module_preset=&#8221;default&#8221; width=&#8221;60%&#8221; width_tablet=&#8221;100%&#8221; width_phone=&#8221;100%&#8221; width_last_edited=&#8221;on|phone&#8221; module_alignment=&#8221;center&#8221; da_is_popup=&#8221;on&#8221; da_popup_slug=&#8221;precios1&#8243; da_disable_devices=&#8221;off|off|off&#8221; global_colors_info=&#8221;{}&#8221; da_exit_intent=&#8221;off&#8221; da_has_close=&#8221;on&#8221; da_alt_close=&#8221;off&#8221; da_dark_close=&#8221;off&#8221; da_not_modal=&#8221;on&#8221; da_is_singular=&#8221;off&#8221; da_with_loader=&#8221;off&#8221; da_has_shadow=&#8221;on&#8221;][et_pb_row _builder_version=&#8221;4.23.1&#8243; _module_preset=&#8221;default&#8221; custom_padding=&#8221;||10px|||&#8221; global_colors_info=&#8221;{}&#8221;][et_pb_column type=&#8221;4_4&#8243; _builder_version=&#8221;4.23.1&#8243; _module_preset=&#8221;default&#8221; global_colors_info=&#8221;{}&#8221;][et_pb_text _builder_version=&#8221;4.23.1&#8243; _module_preset=&#8221;default&#8221; header_4_font=&#8221;Overpass|700|||||||&#8221; header_4_text_color=&#8221;#008065&#8243; module_alignment=&#8221;left&#8221; custom_margin=&#8221;||-3px|||&#8221; global_colors_info=&#8221;{}&#8221;]<\/p>\n<h4 style=\"text-align: left;\"><strong>Inversi\u00f3n<\/strong><\/h4>\n<p>[\/et_pb_text][et_pb_text _builder_version=&#8221;4.23.1&#8243; _module_preset=&#8221;default&#8221; global_colors_info=&#8221;{}&#8221;]<\/p>\n<table style=\"width: 100%; margin-left: auto; margin-right: auto;\" border=\"1\" cellspacing=\"1\">\n<tbody>\n<tr style=\"width: 100%;\">\n<th style=\"border-color: #012931; background-color: #ffffff; width: 70%; text-align: center;\"><span style=\"color: #000000;\">Tarifa plena<\/span><\/th>\n<th style=\"border-color: #012931; background-color: #ffffff; width: 30%; text-align: center;\"><span style=\"color: #000000;\">$ 253.800<\/span><\/th>\n<\/tr>\n<tr style=\"height: 24px; width: 100%;\">\n<td style=\"border-color: #012931; width: 70%; text-align: center;\"><span style=\"color: #000000;\"><strong>4%<\/strong> por pronto pago: Este descuento es el \u00fanico acumulable y aplica si pago es realizado un mes antes de iniciar el programa. NO aplica para pagos por factura empresarial. <\/span><\/td>\n<td style=\"border-color: #012931; width: 30%; text-align: center;\">$ 243.648<\/td>\n<\/tr>\n<tr style=\"height: 24px; width: 100%;\">\n<td style=\"border-color: #012931; width: 70%; text-align: center;\"><span style=\"color: #000000;\"><strong>10%<\/strong> por ser egresado o estudiante (activo) en pregrado o posgrado de la Universidad Javeriana <\/span><\/td>\n<td style=\"border-color: #012931; width: 30%; text-align: center;\">$ 228.420<\/td>\n<\/tr>\n<tr style=\"height: 24px; width: 100%;\">\n<td style=\"border-color: #012931; width: 70%; text-align: center;\"><span style=\"color: #000000;\"><strong>10%<\/strong> por ser afiliado a la caja de compensaci\u00f3n Cafam. <\/span><\/td>\n<td style=\"border-color: #012931; width: 30%; text-align: center;\">$ 228.420<\/td>\n<\/tr>\n<tr>\n<td style=\"border-color: #012931; width: 70%; text-align: center;\"><span style=\"color: #000000;\"><strong>15%<\/strong> para grupos de 3 a 5 participantes en el mismo programa \u00a0<\/span><\/td>\n<td style=\"border-color: #012931; width: 30%; text-align: center;\">$ 215.730<\/td>\n<\/tr>\n<tr style=\"height: 24px; width: 100%;\">\n<td style=\"border-color: #012931; width: 70%; text-align: center;\"><span style=\"color: #333399;\"><span style=\"color: #000000;\"><strong>20%<\/strong> para grupos de 6 participantes en el mismo programa y en el tercer diplomado realizado consecutivamente.<\/span> <\/span><\/td>\n<td style=\"border-color: #012931; width: 30%; text-align: center;\">$ 203.040<\/td>\n<\/tr>\n<\/tbody>\n<\/table>\n<p>&nbsp;<\/p>\n<p>[\/et_pb_text][\/et_pb_column][\/et_pb_row][\/et_pb_section][et_pb_section fb_built=&#8221;1&#8243; _builder_version=&#8221;4.23.1&#8243; _module_preset=&#8221;default&#8221; background_enable_color=&#8221;off&#8221; background_enable_image=&#8221;off&#8221; custom_padding=&#8221;5px||0px|||&#8221; da_disable_devices=&#8221;off|off|off&#8221; global_colors_info=&#8221;{}&#8221; da_is_popup=&#8221;off&#8221; da_exit_intent=&#8221;off&#8221; da_has_close=&#8221;on&#8221; da_alt_close=&#8221;off&#8221; da_dark_close=&#8221;off&#8221; da_not_modal=&#8221;on&#8221; da_is_singular=&#8221;off&#8221; da_with_loader=&#8221;off&#8221; da_has_shadow=&#8221;on&#8221;][et_pb_row _builder_version=&#8221;4.27.0&#8243; _module_preset=&#8221;default&#8221; custom_padding=&#8221;30px||2px|||&#8221; global_colors_info=&#8221;{}&#8221;][et_pb_column type=&#8221;4_4&#8243; _builder_version=&#8221;4.27.0&#8243; _module_preset=&#8221;default&#8221; global_colors_info=&#8221;{}&#8221;][et_pb_text _builder_version=&#8221;4.23.1&#8243; _module_preset=&#8221;default&#8221; header_4_font=&#8221;Overpass|700|||||||&#8221; header_4_text_color=&#8221;#51ac32&#8243; module_alignment=&#8221;left&#8221; custom_margin=&#8221;||-3px|||&#8221; global_colors_info=&#8221;{}&#8221;]<\/p>\n<h4 style=\"text-align: left;\"><strong>Presentaci\u00f3n<\/strong><\/h4>\n<p>[\/et_pb_text][et_pb_text _builder_version=&#8221;4.23.1&#8243; _module_preset=&#8221;default&#8221; header_2_font=&#8221;Overpass||||||||&#8221; header_2_font_size=&#8221;21px&#8221; global_colors_info=&#8221;{}&#8221;]<\/p>\n<p>La comunicaci\u00f3n escrita es una herramienta fundamental en el entorno organizacional, ya que permite transmitir informaci\u00f3n, formalizar procesos, tomar decisiones y proyectar la imagen institucional. Una redacci\u00f3n clara, coherente y estrat\u00e9gica contribuye a mejorar la comprensi\u00f3n de los mensajes y fortalece la eficiencia en las din\u00e1micas laborales.<\/p>\n<p>En muchos contextos profesionales, las dificultades en la escritura generan ambig\u00fcedades, errores de interpretaci\u00f3n y p\u00e9rdida de efectividad comunicativa. Por ello, es necesario desarrollar competencias que permitan estructurar ideas con claridad, adaptar el lenguaje al prop\u00f3sito del mensaje y garantizar precisi\u00f3n en los textos.<\/p>\n<p>Este curso ofrece un enfoque pr\u00e1ctico orientado al fortalecimiento de la redacci\u00f3n empresarial, integrando principios de ortograf\u00eda, escritura funcional y comunicaci\u00f3n estrat\u00e9gica, con el fin de mejorar la calidad de los textos utilizados en el \u00e1mbito laboral.<\/p>\n<p>[\/et_pb_text][et_pb_tabs active_tab_text_color=&#8221;#51ac32&#8243; _builder_version=&#8221;4.23.1&#8243; _module_preset=&#8221;default&#8221; tab_text_color=&#8221;#51ac32&#8243; tab_font=&#8221;Overpass||||||||&#8221; tab_font_size=&#8221;18px&#8221; global_colors_info=&#8221;{}&#8221;][et_pb_tab title=&#8221;Objetivo general&#8221; _builder_version=&#8221;4.23.1&#8243; _module_preset=&#8221;default&#8221; global_colors_info=&#8221;{}&#8221;]Desarrollar competencias en redacci\u00f3n empresarial clara, estrat\u00e9gica y orientada a resultados, mediante la aplicaci\u00f3n de t\u00e9cnicas de escritura profesional que mejoren la coherencia, el tono, la precisi\u00f3n y la efectividad de los mensajes en contextos organizacionales.<\/p>\n<p><strong>Objetivos espec\u00edficos:<\/strong><br \/>\n1. Fortalecer el uso correcto de normas ortogr\u00e1ficas y gramaticales.<br \/>\n2. Desarrollar habilidades para estructurar textos claros y coherentes.<br \/>\n3. Identificar el tipo de documento adecuado seg\u00fan la situaci\u00f3n comunicativa.<br \/>\n4. Mejorar la redacci\u00f3n de correos, informes y comunicaciones internas.<br \/>\n5. Aplicar criterios de claridad, precisi\u00f3n y profesionalismo en la escritura.[\/et_pb_tab][et_pb_tab title=&#8221;Dirigido a&#8221; _builder_version=&#8221;4.23.1&#8243; _module_preset=&#8221;default&#8221; global_colors_info=&#8221;{}&#8221;]<\/p>\n<p>Profesionales, analistas, coordinadores y personal administrativo que requieren fortalecer su comunicaci\u00f3n escrita en contextos laborales.<\/p>\n<p>Es ideal para equipos que buscan mejorar la claridad, coherencia y efectividad de sus comunicaciones escritas, manteniendo est\u00e1ndares formales y rigor institucional.<\/p>\n<p>[\/et_pb_tab][et_pb_tab title=&#8221;Metodolog\u00eda&#8221; _builder_version=&#8221;4.23.1&#8243; _module_preset=&#8221;default&#8221; global_colors_info=&#8221;{}&#8221;]<\/p>\n<p>El curso se desarrolla mediante una metodolog\u00eda pr\u00e1ctica y participativa, con \u00e9nfasis en ejercicios de escritura, an\u00e1lisis de casos y aplicaci\u00f3n directa en situaciones laborales reales.<\/p>\n<p>Se promueve la participaci\u00f3n activa de los asistentes, el trabajo colaborativo y la retroalimentaci\u00f3n continua para fortalecer el aprendizaje.<\/p>\n<p>[\/et_pb_tab][\/et_pb_tabs][\/et_pb_column][\/et_pb_row][\/et_pb_section][et_pb_section fb_built=&#8221;1&#8243; _builder_version=&#8221;4.23.1&#8243; _module_preset=&#8221;default&#8221; background_enable_color=&#8221;off&#8221; background_enable_image=&#8221;off&#8221; custom_padding=&#8221;5px||0px|||&#8221; da_disable_devices=&#8221;off|off|off&#8221; global_colors_info=&#8221;{}&#8221; da_is_popup=&#8221;off&#8221; da_exit_intent=&#8221;off&#8221; da_has_close=&#8221;on&#8221; da_alt_close=&#8221;off&#8221; da_dark_close=&#8221;off&#8221; da_not_modal=&#8221;on&#8221; da_is_singular=&#8221;off&#8221; da_with_loader=&#8221;off&#8221; da_has_shadow=&#8221;on&#8221;][et_pb_row _builder_version=&#8221;4.27.0&#8243; _module_preset=&#8221;default&#8221; custom_padding=&#8221;39px||2px|||&#8221; global_colors_info=&#8221;{}&#8221;][et_pb_column type=&#8221;4_4&#8243; _builder_version=&#8221;4.27.0&#8243; _module_preset=&#8221;default&#8221; global_colors_info=&#8221;{}&#8221;][et_pb_text _builder_version=&#8221;4.23.1&#8243; _module_preset=&#8221;default&#8221; header_4_font=&#8221;Overpass|700|||||||&#8221; header_4_text_color=&#8221;#51ac32&#8243; module_alignment=&#8221;left&#8221; custom_margin=&#8221;||-3px|||&#8221; global_colors_info=&#8221;{}&#8221;]<\/p>\n<h4 style=\"text-align: left;\"><strong>Programa Acad\u00e9mico<\/strong><\/h4>\n<p>[\/et_pb_text][et_pb_accordion closed_toggle_text_color=&#8221;#51ac32&#8243; closed_toggle_background_color=&#8221;rgba(0,119,184,0.04)&#8221; icon_color=&#8221;#0077b8&#8243; _builder_version=&#8221;4.23.1&#8243; _module_preset=&#8221;default&#8221; global_colors_info=&#8221;{}&#8221;][et_pb_accordion_item title=&#8221;Sesi\u00f3n 1: Ortograf\u00eda y acentuaci\u00f3n b\u00e1sica&#8221; open=&#8221;on&#8221; _builder_version=&#8221;4.23.1&#8243; _module_preset=&#8221;default&#8221; global_colors_info=&#8221;{}&#8221;]<\/p>\n<ul>\n<li>Normas ortogr\u00e1ficas fundamentales<\/li>\n<li>Uso correcto de la acentuaci\u00f3n<\/li>\n<li>Errores frecuentes en la escritura<\/li>\n<\/ul>\n<p>[\/et_pb_accordion_item][et_pb_accordion_item title=&#8221;Sesi\u00f3n 2: Escritura funcional&#8221; open=&#8221;off&#8221; _builder_version=&#8221;4.23.1&#8243; _module_preset=&#8221;default&#8221; global_colors_info=&#8221;{}&#8221;]<\/p>\n<ul>\n<li>Tipos de textos en el contexto organizacional<\/li>\n<li>Estructura de documentos b\u00e1sicos<\/li>\n<li>Claridad y coherencia en la redacci\u00f3n<\/li>\n<\/ul>\n<p>[\/et_pb_accordion_item][et_pb_accordion_item title=&#8221;Sesi\u00f3n 3: Redacci\u00f3n empresarial&#8221; open=&#8221;off&#8221; _builder_version=&#8221;4.23.1&#8243; _module_preset=&#8221;default&#8221; global_colors_info=&#8221;{}&#8221;]<\/p>\n<ul>\n<li>Escritura de correos electr\u00f3nicos profesionales<\/li>\n<li>Comunicaci\u00f3n interna efectivo<\/li>\n<li>Estilo, tono y adecuaci\u00f3n del lenguaje<\/li>\n<\/ul>\n<p>[\/et_pb_accordion_item][\/et_pb_accordion][\/et_pb_column][\/et_pb_row][\/et_pb_section][et_pb_section fb_built=&#8221;1&#8243; _builder_version=&#8221;4.23.1&#8243; _module_preset=&#8221;default&#8221; background_color=&#8221;rgba(81,172,50,0.11)&#8221; background_image=&#8221;https:\/\/www.cujtec.edu.co\/wp-content\/uploads\/2025\/08\/contacto-conexion1.png&#8221; custom_margin=&#8221;39px|||||&#8221; custom_padding=&#8221;180px||45px|||&#8221; background_last_edited=&#8221;on|desktop&#8221; background_enable_image_tablet=&#8221;off&#8221; da_disable_devices=&#8221;off|off|off&#8221; global_colors_info=&#8221;{}&#8221; da_is_popup=&#8221;off&#8221; da_exit_intent=&#8221;off&#8221; da_has_close=&#8221;on&#8221; da_alt_close=&#8221;off&#8221; da_dark_close=&#8221;off&#8221; da_not_modal=&#8221;on&#8221; da_is_singular=&#8221;off&#8221; da_with_loader=&#8221;off&#8221; da_has_shadow=&#8221;on&#8221;][et_pb_row column_structure=&#8221;1_2,1_2&#8243; _builder_version=&#8221;4.27.0&#8243; _module_preset=&#8221;default&#8221; custom_padding=&#8221;30px||2px|||&#8221; global_colors_info=&#8221;{}&#8221;][et_pb_column type=&#8221;1_2&#8243; _builder_version=&#8221;4.27.0&#8243; _module_preset=&#8221;default&#8221; global_colors_info=&#8221;{}&#8221;][et_pb_text _builder_version=&#8221;4.23.1&#8243; _module_preset=&#8221;default&#8221; header_2_font=&#8221;Overpass|700|||||||&#8221; header_2_font_size=&#8221;28px&#8221; global_colors_info=&#8221;{}&#8221;]<\/p>\n<h2><strong>Juntos construimos tu futuro y transformamos el tejido empresarial y social de la regi\u00f3n<\/strong><\/h2>\n<p>[\/et_pb_text][\/et_pb_column][et_pb_column type=&#8221;1_2&#8243; _builder_version=&#8221;4.27.0&#8243; _module_preset=&#8221;default&#8221; global_colors_info=&#8221;{}&#8221;][\/et_pb_column][\/et_pb_row][\/et_pb_section]<\/p>\n","protected":false},"excerpt":{"rendered":"<p>AlianzaCURSORedacci\u00f3n Empresarial Inversi\u00f3n Tarifa plena $ 253.800 4% por pronto pago: Este descuento es el \u00fanico acumulable y aplica si pago es realizado un mes antes de iniciar el programa. NO aplica para pagos por factura empresarial. $ 243.648 10% por ser egresado o estudiante (activo) en pregrado o posgrado de la Universidad Javeriana $ [&hellip;]<\/p>\n","protected":false},"author":2,"featured_media":0,"parent":0,"menu_order":0,"comment_status":"closed","ping_status":"closed","template":"","meta":{"_et_pb_use_builder":"on","_et_pb_old_content":"","_et_gb_content_width":"","_joinchat":[],"footnotes":""},"class_list":["post-1222","page","type-page","status-publish","hentry"],"_links":{"self":[{"href":"https:\/\/www.cujtec.edu.co\/index.php\/wp-json\/wp\/v2\/pages\/1222","targetHints":{"allow":["GET"]}}],"collection":[{"href":"https:\/\/www.cujtec.edu.co\/index.php\/wp-json\/wp\/v2\/pages"}],"about":[{"href":"https:\/\/www.cujtec.edu.co\/index.php\/wp-json\/wp\/v2\/types\/page"}],"author":[{"embeddable":true,"href":"https:\/\/www.cujtec.edu.co\/index.php\/wp-json\/wp\/v2\/users\/2"}],"replies":[{"embeddable":true,"href":"https:\/\/www.cujtec.edu.co\/index.php\/wp-json\/wp\/v2\/comments?post=1222"}],"version-history":[{"count":8,"href":"https:\/\/www.cujtec.edu.co\/index.php\/wp-json\/wp\/v2\/pages\/1222\/revisions"}],"predecessor-version":[{"id":1294,"href":"https:\/\/www.cujtec.edu.co\/index.php\/wp-json\/wp\/v2\/pages\/1222\/revisions\/1294"}],"wp:attachment":[{"href":"https:\/\/www.cujtec.edu.co\/index.php\/wp-json\/wp\/v2\/media?parent=1222"}],"curies":[{"name":"wp","href":"https:\/\/api.w.org\/{rel}","templated":true}]}}