{"id":200,"date":"2025-10-20T12:04:08","date_gmt":"2025-10-20T17:04:08","guid":{"rendered":"https:\/\/www.cujtec.edu.co\/?page_id=200"},"modified":"2026-03-16T09:35:13","modified_gmt":"2026-03-16T14:35:13","slug":"innovacion-sostenible-y-gestion-del-conocimiento-para-pymes","status":"publish","type":"page","link":"https:\/\/www.cujtec.edu.co\/index.php\/innovacion-sostenible-y-gestion-del-conocimiento-para-pymes\/","title":{"rendered":"Innovaci\u00f3n sostenible y gesti\u00f3n del conocimiento para pymes: econom\u00eda circular y herramientas colaborativas"},"content":{"rendered":"<p>[et_pb_section fb_built=&#8221;1&#8243; _builder_version=&#8221;4.23.1&#8243; _module_preset=&#8221;default&#8221; background_enable_color=&#8221;off&#8221; custom_margin=&#8221;-10px|||||&#8221; custom_padding=&#8221;0px||4px|||&#8221; da_disable_devices=&#8221;off|off|off&#8221; global_colors_info=&#8221;{}&#8221; da_is_popup=&#8221;off&#8221; da_exit_intent=&#8221;off&#8221; da_has_close=&#8221;on&#8221; da_alt_close=&#8221;off&#8221; da_dark_close=&#8221;off&#8221; da_not_modal=&#8221;on&#8221; da_is_singular=&#8221;off&#8221; da_with_loader=&#8221;off&#8221; da_has_shadow=&#8221;on&#8221;][et_pb_row column_structure=&#8221;1_4,1_4,1_4,1_4&#8243; _builder_version=&#8221;4.27.0&#8243; _module_preset=&#8221;default&#8221; custom_padding=&#8221;||8px|||&#8221; global_colors_info=&#8221;{}&#8221;][et_pb_column type=&#8221;1_4&#8243; _builder_version=&#8221;4.27.0&#8243; _module_preset=&#8221;default&#8221; global_colors_info=&#8221;{}&#8221;][et_pb_text _builder_version=&#8221;4.23.1&#8243; _module_preset=&#8221;default&#8221; header_2_font=&#8221;|700|||||||&#8221; header_2_font_size=&#8221;32px&#8221; custom_padding=&#8221;30px||||false|false&#8221; link_option_url=&#8221;https:\/\/www.cujtec.edu.co\/&#8221; global_colors_info=&#8221;{}&#8221;]<\/p>\n<h2 style=\"text-align: center;\"><strong>Alianza<\/strong><\/h2>\n<p>[\/et_pb_text][\/et_pb_column][et_pb_column type=&#8221;1_4&#8243; _builder_version=&#8221;4.27.0&#8243; _module_preset=&#8221;default&#8221; global_colors_info=&#8221;{}&#8221;][et_pb_image src=&#8221;https:\/\/www.cujtec.edu.co\/wp-content\/uploads\/2025\/10\/LG-JAVERIANA-1.png&#8221; title_text=&#8221;LG-JAVERIANA&#8221; align=&#8221;center&#8221; src_tablet=&#8221;https:\/\/www.cujtec.edu.co\/wp-content\/uploads\/2025\/10\/LGO-JAVERIANA.png&#8221; src_phone=&#8221;https:\/\/www.cujtec.edu.co\/wp-content\/uploads\/2025\/10\/LGO-JAVERIANA.png&#8221; src_last_edited=&#8221;on|phone&#8221; _builder_version=&#8221;4.23.1&#8243; _module_preset=&#8221;default&#8221; width_tablet=&#8221;&#8221; width_phone=&#8221;70%&#8221; width_last_edited=&#8221;on|desktop&#8221; module_alignment=&#8221;center&#8221; global_colors_info=&#8221;{}&#8221;][\/et_pb_image][\/et_pb_column][et_pb_column type=&#8221;1_4&#8243; _builder_version=&#8221;4.27.0&#8243; _module_preset=&#8221;default&#8221; global_colors_info=&#8221;{}&#8221;][et_pb_image src=&#8221;https:\/\/www.cujtec.edu.co\/wp-content\/uploads\/2025\/10\/LOGO-UNICAFAM-1.png&#8221; title_text=&#8221;LOGO-UNICAFAM&#8221; align=&#8221;center&#8221; _builder_version=&#8221;4.23.1&#8243; _module_preset=&#8221;default&#8221; width_tablet=&#8221;&#8221; width_phone=&#8221;80%&#8221; width_last_edited=&#8221;on|phone&#8221; module_alignment=&#8221;center&#8221; global_colors_info=&#8221;{}&#8221;][\/et_pb_image][\/et_pb_column][et_pb_column type=&#8221;1_4&#8243; _builder_version=&#8221;4.27.0&#8243; _module_preset=&#8221;default&#8221; global_colors_info=&#8221;{}&#8221;][et_pb_image src=&#8221;https:\/\/www.cujtec.edu.co\/wp-content\/uploads\/2025\/10\/L-CAFAM.png&#8221; title_text=&#8221;L-CAFAM&#8221; align=&#8221;center&#8221; align_tablet=&#8221;right&#8221; align_phone=&#8221;right&#8221; align_last_edited=&#8221;on|tablet&#8221; _builder_version=&#8221;4.23.1&#8243; _module_preset=&#8221;default&#8221; width_tablet=&#8221;&#8221; width_phone=&#8221;85%&#8221; width_last_edited=&#8221;on|phone&#8221; module_alignment=&#8221;center&#8221; global_colors_info=&#8221;{}&#8221;][\/et_pb_image][\/et_pb_column][\/et_pb_row][\/et_pb_section][et_pb_section fb_built=&#8221;1&#8243; custom_padding_last_edited=&#8221;on|phone&#8221; _builder_version=&#8221;4.23.1&#8243; _module_preset=&#8221;default&#8221; background_enable_color=&#8221;off&#8221; use_background_color_gradient=&#8221;on&#8221; background_color_gradient_direction=&#8221;139deg&#8221; background_color_gradient_stops=&#8221;rgba(0,119,184,0.18) 0%|#0077b8 100%&#8221; background_enable_image=&#8221;off&#8221; background_position=&#8221;center_right&#8221; custom_padding=&#8221;5px||5px|||&#8221; custom_padding_tablet=&#8221;89px|||||&#8221; custom_padding_phone=&#8221;10px||||false|false&#8221; background_last_edited=&#8221;on|desktop&#8221; background_enable_image_tablet=&#8221;off&#8221; background_enable_image_phone=&#8221;off&#8221; da_disable_devices=&#8221;off|off|off&#8221; global_colors_info=&#8221;{}&#8221; da_is_popup=&#8221;off&#8221; da_exit_intent=&#8221;off&#8221; da_has_close=&#8221;on&#8221; da_alt_close=&#8221;off&#8221; da_dark_close=&#8221;off&#8221; da_not_modal=&#8221;on&#8221; da_is_singular=&#8221;off&#8221; da_with_loader=&#8221;off&#8221; da_has_shadow=&#8221;on&#8221;][et_pb_row column_structure=&#8221;1_2,1_2&#8243; module_id=&#8221;registro&#8221; _builder_version=&#8221;4.23.1&#8243; _module_preset=&#8221;default&#8221; custom_padding=&#8221;25px|||||&#8221; global_colors_info=&#8221;{}&#8221;][et_pb_column type=&#8221;1_2&#8243; _builder_version=&#8221;4.27.0&#8243; _module_preset=&#8221;default&#8221; global_colors_info=&#8221;{}&#8221;][et_pb_image src=&#8221;https:\/\/www.cujtec.edu.co\/wp-content\/uploads\/2025\/10\/investigacion.jpg&#8221; title_text=&#8221;investigacion&#8221; _builder_version=&#8221;4.23.1&#8243; _module_preset=&#8221;default&#8221; global_colors_info=&#8221;{}&#8221;][\/et_pb_image][\/et_pb_column][et_pb_column type=&#8221;1_2&#8243; _builder_version=&#8221;4.23.1&#8243; _module_preset=&#8221;default&#8221; background_enable_color=&#8221;off&#8221; global_colors_info=&#8221;{}&#8221;][et_pb_text _builder_version=&#8221;4.23.1&#8243; _module_preset=&#8221;default&#8221; text_font=&#8221;Overpass|800|||||||&#8221; header_font=&#8221;Overpass|900|||||||&#8221; header_text_color=&#8221;#0077b8&#8243; header_font_size=&#8221;24px&#8221; header_4_font=&#8221;|600|||||||&#8221; header_4_font_size=&#8221;22px&#8221; header_4_line_height=&#8221;1.5em&#8221; background_color=&#8221;#FFFFFF&#8221; width=&#8221;19%&#8221; width_tablet=&#8221;100%&#8221; width_phone=&#8221;100%&#8221; width_last_edited=&#8221;on|phone&#8221; module_alignment=&#8221;left&#8221; custom_margin=&#8221;||10px||false|false&#8221; custom_padding=&#8221;12px|6px||5px|false|false&#8221; border_radii=&#8221;on|20px|20px|20px|20px&#8221; global_colors_info=&#8221;{}&#8221;]<\/p>\n<h1 style=\"text-align: left;\">CURSO<\/h1>\n<p>[\/et_pb_text][et_pb_text _builder_version=&#8221;4.23.1&#8243; _module_preset=&#8221;default&#8221; text_font=&#8221;Overpass||||||||&#8221; header_font=&#8221;Overpass||||||||&#8221; header_font_size=&#8221;28px&#8221; header_4_font=&#8221;|600|||||||&#8221; header_4_font_size=&#8221;22px&#8221; header_4_line_height=&#8221;1.5em&#8221; custom_margin=&#8221;||15px|||&#8221; custom_padding=&#8221;|5px||5px|false|false&#8221; global_colors_info=&#8221;{}&#8221;]<\/p>\n<h1 style=\"text-align: left;\"><strong><span style=\"color: #ffffff;\">Innovaci\u00f3n sostenible y gesti\u00f3n del conocimiento para pymes: econom\u00eda circular y herramientas colaborativas <\/span><\/strong><\/h1>\n<p>[\/et_pb_text][et_pb_blurb title=&#8221;Encuentros sincr\u00f3nicos: Martes y jueves de 5:00 p.m. a 8:00 p.m.\t\t\t\t\t&#8221; use_icon=&#8221;on&#8221; font_icon=&#8221;&#x3d;||divi||400&#8243; icon_color=&#8221;#FFFFFF&#8221; icon_placement=&#8221;left&#8221; image_icon_width=&#8221;21px&#8221; admin_label=&#8221;Blurb&#8221; _builder_version=&#8221;4.23.1&#8243; _module_preset=&#8221;default&#8221; header_font=&#8221;Overpass|700|||||||&#8221; header_text_color=&#8221;#FFFFFF&#8221; header_font_size=&#8221;16px&#8221; custom_margin=&#8221;||14px|||&#8221; global_colors_info=&#8221;{}&#8221;][\/et_pb_blurb][et_pb_blurb title=&#8221;Encuentros presenciales: Viernes 5:00 p.m. a 9:00 p.m.\t&#8221; use_icon=&#8221;on&#8221; font_icon=&#8221;&#x3d;||divi||400&#8243; icon_color=&#8221;#FFFFFF&#8221; icon_placement=&#8221;left&#8221; image_icon_width=&#8221;21px&#8221; admin_label=&#8221;Blurb&#8221; _builder_version=&#8221;4.23.1&#8243; _module_preset=&#8221;default&#8221; header_font=&#8221;Overpass|700|||||||&#8221; header_text_color=&#8221;#FFFFFF&#8221; header_font_size=&#8221;16px&#8221; custom_margin=&#8221;||20px|||&#8221; global_colors_info=&#8221;{}&#8221;][\/et_pb_blurb][et_pb_blurb title=&#8221;Modalidad: Presencial y sincr\u00f3nica\t\t\t\t\t\t&#8221; use_icon=&#8221;on&#8221; font_icon=&#8221;&#x3d;||divi||400&#8243; icon_color=&#8221;#FFFFFF&#8221; icon_placement=&#8221;left&#8221; image_icon_width=&#8221;21px&#8221; admin_label=&#8221;Blurb&#8221; _builder_version=&#8221;4.23.1&#8243; _module_preset=&#8221;default&#8221; header_font=&#8221;Overpass|700|||||||&#8221; header_text_color=&#8221;#FFFFFF&#8221; header_font_size=&#8221;16px&#8221; custom_margin=&#8221;||17px|||&#8221; global_colors_info=&#8221;{}&#8221;][\/et_pb_blurb][et_pb_blurb title=&#8221;Duraci\u00f3n: 50 horas&#8221; use_icon=&#8221;on&#8221; font_icon=&#8221;&#x3d;||divi||400&#8243; icon_color=&#8221;#FFFFFF&#8221; icon_placement=&#8221;left&#8221; image_icon_width=&#8221;21px&#8221; admin_label=&#8221;Blurb&#8221; _builder_version=&#8221;4.23.1&#8243; _module_preset=&#8221;default&#8221; header_font=&#8221;Overpass|700|||||||&#8221; header_text_color=&#8221;#FFFFFF&#8221; header_font_size=&#8221;16px&#8221; custom_margin=&#8221;||17px|||&#8221; global_colors_info=&#8221;{}&#8221;][\/et_pb_blurb][et_pb_blurb title=&#8221;Fecha de inicio: Pr\u00f3ximamente\t&#8221; use_icon=&#8221;on&#8221; font_icon=&#8221;&#x3d;||divi||400&#8243; icon_color=&#8221;#FFFFFF&#8221; icon_placement=&#8221;left&#8221; image_icon_width=&#8221;21px&#8221; admin_label=&#8221;Blurb&#8221; _builder_version=&#8221;4.23.1&#8243; _module_preset=&#8221;default&#8221; header_font=&#8221;Overpass|700|||||||&#8221; header_text_color=&#8221;#FFFFFF&#8221; header_font_size=&#8221;16px&#8221; custom_margin=&#8221;||19px|||&#8221; hover_enabled=&#8221;0&#8243; global_colors_info=&#8221;{}&#8221; sticky_enabled=&#8221;0&#8243;][\/et_pb_blurb][et_pb_blurb title=&#8221;Tarifa plena: $ 940.645 (Ver tarifas aqu\u00ed)&#8221; use_icon=&#8221;on&#8221; font_icon=&#8221;&#x3d;||divi||400&#8243; icon_color=&#8221;#FFFFFF&#8221; icon_placement=&#8221;left&#8221; image_icon_width=&#8221;21px&#8221; admin_label=&#8221;Blurb&#8221; _builder_version=&#8221;4.23.1&#8243; _module_preset=&#8221;default&#8221; header_font=&#8221;Overpass|700|||||||&#8221; header_text_color=&#8221;#FFFFFF&#8221; header_font_size=&#8221;16px&#8221; link_option_url=&#8221;#precios1&#8243; global_colors_info=&#8221;{}&#8221;][\/et_pb_blurb][et_pb_button button_url=&#8221;https:\/\/pol.javeriana.edu.co\/Edupol-0.0.2\/index.jsf?idcurso=038447&#8243; url_new_window=&#8221;on&#8221; button_text=&#8221;Inscr\u00edbete&#8221; button_alignment=&#8221;left&#8221; disabled_on=&#8221;off|off|off&#8221; _builder_version=&#8221;4.23.1&#8243; _module_preset=&#8221;default&#8221; custom_button=&#8221;on&#8221; button_text_size=&#8221;16px&#8221; button_text_color=&#8221;#FFFFFF&#8221; button_bg_color=&#8221;#0077b8&#8243; button_border_width=&#8221;0px&#8221; button_border_radius=&#8221;20px&#8221; button_font=&#8221;|700|||||||&#8221; custom_margin=&#8221;1px|||||&#8221; custom_padding=&#8221;3px|||||&#8221; global_colors_info=&#8221;{}&#8221; button_bg_color__hover_enabled=&#8221;on|hover&#8221; button_bg_color__hover=&#8221;#11a8ea&#8221; button_bg_enable_color__hover=&#8221;on&#8221;][\/et_pb_button][\/et_pb_column][\/et_pb_row][\/et_pb_section][et_pb_section fb_built=&#8221;1&#8243; admin_label=&#8221;Popup &#8211; #precios1&#8243; module_id=&#8221;precios1&#8243; module_class=&#8221;popup&#8221; _builder_version=&#8221;4.23.1&#8243; _module_preset=&#8221;default&#8221; width=&#8221;60%&#8221; width_tablet=&#8221;100%&#8221; width_phone=&#8221;100%&#8221; width_last_edited=&#8221;on|phone&#8221; module_alignment=&#8221;center&#8221; da_is_popup=&#8221;on&#8221; da_popup_slug=&#8221;precios1&#8243; da_disable_devices=&#8221;off|off|off&#8221; global_colors_info=&#8221;{}&#8221; da_exit_intent=&#8221;off&#8221; da_has_close=&#8221;on&#8221; da_alt_close=&#8221;off&#8221; da_dark_close=&#8221;off&#8221; da_not_modal=&#8221;on&#8221; da_is_singular=&#8221;off&#8221; da_with_loader=&#8221;off&#8221; da_has_shadow=&#8221;on&#8221;][et_pb_row _builder_version=&#8221;4.23.1&#8243; _module_preset=&#8221;default&#8221; custom_padding=&#8221;||10px|||&#8221; global_colors_info=&#8221;{}&#8221;][et_pb_column type=&#8221;4_4&#8243; _builder_version=&#8221;4.23.1&#8243; _module_preset=&#8221;default&#8221; global_colors_info=&#8221;{}&#8221;][et_pb_text _builder_version=&#8221;4.23.1&#8243; _module_preset=&#8221;default&#8221; header_4_font=&#8221;Overpass|700|||||||&#8221; header_4_text_color=&#8221;#008065&#8243; module_alignment=&#8221;left&#8221; custom_margin=&#8221;||-3px|||&#8221; global_colors_info=&#8221;{}&#8221;]<\/p>\n<h4 style=\"text-align: left;\"><strong>Inversi\u00f3n<\/strong><\/h4>\n<p>[\/et_pb_text][et_pb_text _builder_version=&#8221;4.23.1&#8243; _module_preset=&#8221;default&#8221; global_colors_info=&#8221;{}&#8221;]<\/p>\n<table style=\"width: 100%; margin-left: auto; margin-right: auto;\" border=\"1\" cellspacing=\"1\">\n<tbody>\n<tr style=\"width: 100%;\">\n<th style=\"border-color: #012931; background-color: #ffffff; width: 70%; text-align: center;\"><span style=\"color: #000000;\">Tarifa plena<\/span><\/th>\n<th style=\"border-color: #012931; background-color: #ffffff; width: 30%; text-align: center;\"><span style=\"color: #000000;\">$ 940.645<\/span><\/th>\n<\/tr>\n<tr style=\"height: 24px; width: 100%;\">\n<td style=\"border-color: #012931; width: 70%; text-align: center;\"><span style=\"color: #000000;\"><strong>4%<\/strong> por pronto pago: Este descuento es el \u00fanico acumulable y aplica si pago es realizado un mes antes de iniciar el programa. NO aplica para pagos por factura empresarial. <\/span><\/td>\n<td style=\"border-color: #012931; width: 30%; text-align: center;\">$ 903,019<\/td>\n<\/tr>\n<tr style=\"height: 24px; width: 100%;\">\n<td style=\"border-color: #012931; width: 70%; text-align: center;\"><span style=\"color: #000000;\"><strong>10%<\/strong> por ser egresado o estudiante (activo) en pregrado o posgrado de la Universidad Javeriana <\/span><\/td>\n<td style=\"border-color: #012931; width: 30%; text-align: center;\">$ 846,580<\/td>\n<\/tr>\n<tr style=\"height: 24px; width: 100%;\">\n<td style=\"border-color: #012931; width: 70%; text-align: center;\"><span style=\"color: #000000;\"><strong>10%<\/strong> por ser afiliado a la caja de compensaci\u00f3n Cafam. <\/span><\/td>\n<td style=\"border-color: #012931; width: 30%; text-align: center;\">$ 846,580<\/td>\n<\/tr>\n<tr>\n<td style=\"border-color: #012931; width: 70%; text-align: center;\"><span style=\"color: #000000;\"><strong>15%<\/strong> para grupos de 3 a 5 participantes en el mismo programa \u00a0<\/span><\/td>\n<td style=\"border-color: #012931; width: 30%; text-align: center;\">$ 799,548<\/td>\n<\/tr>\n<tr style=\"height: 24px; width: 100%;\">\n<td style=\"border-color: #012931; width: 70%; text-align: center;\"><span style=\"color: #333399;\"><span style=\"color: #000000;\"><strong>20%<\/strong> para grupos de 6 participantes en el mismo programa y en el tercer diplomado realizado consecutivamente.<\/span> <\/span><\/td>\n<td style=\"border-color: #012931; width: 30%; text-align: center;\">$ 752,516<\/td>\n<\/tr>\n<\/tbody>\n<\/table>\n<p>&nbsp;<\/p>\n<p>[\/et_pb_text][\/et_pb_column][\/et_pb_row][\/et_pb_section][et_pb_section fb_built=&#8221;1&#8243; _builder_version=&#8221;4.23.1&#8243; _module_preset=&#8221;default&#8221; background_enable_color=&#8221;off&#8221; background_enable_image=&#8221;off&#8221; custom_padding=&#8221;5px||0px|||&#8221; da_disable_devices=&#8221;off|off|off&#8221; global_colors_info=&#8221;{}&#8221; da_is_popup=&#8221;off&#8221; da_exit_intent=&#8221;off&#8221; da_has_close=&#8221;on&#8221; da_alt_close=&#8221;off&#8221; da_dark_close=&#8221;off&#8221; da_not_modal=&#8221;on&#8221; da_is_singular=&#8221;off&#8221; da_with_loader=&#8221;off&#8221; da_has_shadow=&#8221;on&#8221;][et_pb_row _builder_version=&#8221;4.27.0&#8243; _module_preset=&#8221;default&#8221; custom_padding=&#8221;30px||2px|||&#8221; global_colors_info=&#8221;{}&#8221;][et_pb_column type=&#8221;4_4&#8243; _builder_version=&#8221;4.27.0&#8243; _module_preset=&#8221;default&#8221; global_colors_info=&#8221;{}&#8221;][et_pb_text _builder_version=&#8221;4.23.1&#8243; _module_preset=&#8221;default&#8221; header_4_font=&#8221;Overpass|700|||||||&#8221; header_4_text_color=&#8221;#51ac32&#8243; module_alignment=&#8221;left&#8221; custom_margin=&#8221;||-3px|||&#8221; global_colors_info=&#8221;{}&#8221;]<\/p>\n<h4 style=\"text-align: left;\"><strong>Presentaci\u00f3n<\/strong><\/h4>\n<p>[\/et_pb_text][et_pb_text _builder_version=&#8221;4.23.1&#8243; _module_preset=&#8221;default&#8221; header_2_font=&#8221;Overpass||||||||&#8221; header_2_font_size=&#8221;21px&#8221; global_colors_info=&#8221;{}&#8221;]Este curso intensivo est\u00e1 dise\u00f1ado para dotar a las peque\u00f1as y medianas empresas (PyMEs) de Cundinamarca con herramientas pr\u00e1cticas de innovaci\u00f3n sostenible y gesti\u00f3n del conocimiento, con un enfoque especial en econom\u00eda circular, plataformas colaborativas e inteligencia artificial. El programa busca potenciar la competitividad y sostenibilidad de las PyMEs locales, aprovechando las oportunidades de la transformaci\u00f3n digital y la econom\u00eda colaborativa en un formato condensado y altamente aplicable.\t\t\t\t\t\t[\/et_pb_text][et_pb_tabs active_tab_text_color=&#8221;#51ac32&#8243; _builder_version=&#8221;4.23.1&#8243; _module_preset=&#8221;default&#8221; tab_text_color=&#8221;#51ac32&#8243; tab_font=&#8221;Overpass||||||||&#8221; tab_font_size=&#8221;18px&#8221; global_colors_info=&#8221;{}&#8221;][et_pb_tab title=&#8221;Objetivo general&#8221; _builder_version=&#8221;4.23.1&#8243; _module_preset=&#8221;default&#8221; global_colors_info=&#8221;{}&#8221;]<\/p>\n<p>Desarrollar competencias pr\u00e1cticas en la implementaci\u00f3n de estrategias de innovaci\u00f3n sostenible y gesti\u00f3n del conocimiento, capacitando a los participantes para aplicar principios de econom\u00eda circular, utilizar plataformas colaborativas y aprovechar la inteligencia artificial en sus procesos de innovaci\u00f3n, adaptados a las necesidades y recursos de las PyMEs de Cundinamarca.<\/p>\n<p>[\/et_pb_tab][et_pb_tab title=&#8221;Dirigido a&#8221; _builder_version=&#8221;4.23.1&#8243; _module_preset=&#8221;default&#8221; global_colors_info=&#8221;{}&#8221;]<\/p>\n<p>Propietarios, gerentes y profesionales de PyMEs de Cundinamarca, emprendedores, y consultores de negocios interesados en implementar estrategias de innovaci\u00f3n sostenible y gesti\u00f3n del conocimiento.<\/p>\n<p>[\/et_pb_tab][et_pb_tab title=&#8221;Metodolog\u00eda&#8221; _builder_version=&#8221;4.23.1&#8243; _module_preset=&#8221;default&#8221; global_colors_info=&#8221;{}&#8221;]<\/p>\n<p>El curso se desarrollar\u00e1 mediante una combinaci\u00f3n de clases te\u00f3rico-pr\u00e1cticas, talleres en plataformas colaborativas, estudios de caso de PyMEs locales, sesiones de design thinking, y un proyecto final aplicado a la empresa del participante. Se fomentar\u00e1 el aprendizaje activo y la aplicaci\u00f3n inmediata de los conceptos aprendidos.<\/p>\n<p>[\/et_pb_tab][\/et_pb_tabs][\/et_pb_column][\/et_pb_row][\/et_pb_section][et_pb_section fb_built=&#8221;1&#8243; _builder_version=&#8221;4.23.1&#8243; _module_preset=&#8221;default&#8221; background_enable_color=&#8221;off&#8221; background_enable_image=&#8221;off&#8221; custom_padding=&#8221;5px||0px|||&#8221; da_disable_devices=&#8221;off|off|off&#8221; global_colors_info=&#8221;{}&#8221; da_is_popup=&#8221;off&#8221; da_exit_intent=&#8221;off&#8221; da_has_close=&#8221;on&#8221; da_alt_close=&#8221;off&#8221; da_dark_close=&#8221;off&#8221; da_not_modal=&#8221;on&#8221; da_is_singular=&#8221;off&#8221; da_with_loader=&#8221;off&#8221; da_has_shadow=&#8221;on&#8221;][et_pb_row _builder_version=&#8221;4.27.0&#8243; _module_preset=&#8221;default&#8221; custom_padding=&#8221;39px||2px|||&#8221; global_colors_info=&#8221;{}&#8221;][et_pb_column type=&#8221;4_4&#8243; _builder_version=&#8221;4.27.0&#8243; _module_preset=&#8221;default&#8221; global_colors_info=&#8221;{}&#8221;][et_pb_text _builder_version=&#8221;4.23.1&#8243; _module_preset=&#8221;default&#8221; header_4_font=&#8221;Overpass|700|||||||&#8221; header_4_text_color=&#8221;#51ac32&#8243; module_alignment=&#8221;left&#8221; custom_margin=&#8221;||-3px|||&#8221; global_colors_info=&#8221;{}&#8221;]<\/p>\n<h4 style=\"text-align: left;\"><strong>Programa Acad\u00e9mico<\/strong><\/h4>\n<p>[\/et_pb_text][et_pb_accordion closed_toggle_text_color=&#8221;#51ac32&#8243; closed_toggle_background_color=&#8221;rgba(0,119,184,0.04)&#8221; icon_color=&#8221;#0077b8&#8243; _builder_version=&#8221;4.23.1&#8243; _module_preset=&#8221;default&#8221; global_colors_info=&#8221;{}&#8221;][et_pb_accordion_item title=&#8221;M\u00f3dulo 1: Fundamentos de Innovaci\u00f3n Sostenible y Econom\u00eda Circular (10 horas)&#8221; open=&#8221;on&#8221; _builder_version=&#8221;4.23.1&#8243; _module_preset=&#8221;default&#8221; global_colors_info=&#8221;{}&#8221;]<\/p>\n<ul>\n<li>Conceptos clave de innovaci\u00f3n sostenible para PyMEs<\/li>\n<li>Principios y modelos de econom\u00eda circular aplicables a PyMEs<\/li>\n<li>Casos de \u00e9xito de innovaci\u00f3n circular en Cundinamarca<\/li>\n<\/ul>\n<p>[\/et_pb_accordion_item][et_pb_accordion_item title=&#8221;M\u00f3dulo 2: Herramientas Colaborativas y Ecosistemas de Innovaci\u00f3n (10 horas)&#8221; _builder_version=&#8221;4.23.1&#8243; _module_preset=&#8221;default&#8221; global_colors_info=&#8221;{}&#8221; open=&#8221;off&#8221;]<\/p>\n<ul>\n<li>Introducci\u00f3n a herramientas colaborativas para PyMEs<\/li>\n<li>Estrategias de participaci\u00f3n en ecosistemas de innovaci\u00f3n abierta<\/li>\n<li>Herramientas digitales para la colaboraci\u00f3n y co-creaci\u00f3n<\/li>\n<\/ul>\n<p>[\/et_pb_accordion_item][et_pb_accordion_item title=&#8221;M\u00f3dulo 3: IA en la Gesti\u00f3n del Conocimiento e Innovaci\u00f3n (10 horas)&#8221; _builder_version=&#8221;4.23.1&#8243; _module_preset=&#8221;default&#8221; global_colors_info=&#8221;{}&#8221; open=&#8221;off&#8221;]<\/p>\n<ul>\n<li>Fundamentos de IA aplicables a PyMEs<\/li>\n<li>Herramientas de IA para captura y distribuci\u00f3n de conocimiento<\/li>\n<li>Aplicaciones pr\u00e1cticas de IA en procesos de innovaci\u00f3n sostenible<\/li>\n<\/ul>\n<p>[\/et_pb_accordion_item][et_pb_accordion_item title=&#8221;M\u00f3dulo 4: Dise\u00f1o de Modelos de Negocio Circulares y Colaborativos (10 horas)&#8221; _builder_version=&#8221;4.23.1&#8243; _module_preset=&#8221;default&#8221; global_colors_info=&#8221;{}&#8221; open=&#8221;off&#8221;]<\/p>\n<ul>\n<li>Metodolog\u00edas \u00e1giles para la innovaci\u00f3n en modelos circulares<\/li>\n<li>Dise\u00f1o de propuestas de valor basadas en econom\u00eda circular<\/li>\n<li>Estrategias de monetizaci\u00f3n en plataformas colaborativas<\/li>\n<\/ul>\n<p>[\/et_pb_accordion_item][et_pb_accordion_item title=&#8221;M\u00f3dulo 5: Implementaci\u00f3n y Medici\u00f3n de Impacto (10 horas)&#8221; _builder_version=&#8221;4.23.1&#8243; _module_preset=&#8221;default&#8221; global_colors_info=&#8221;{}&#8221; open=&#8221;off&#8221;]<\/p>\n<ul>\n<li>Estrategias de implementaci\u00f3n r\u00e1pida de modelos circulares en PyMEs<\/li>\n<li>M\u00e9tricas e indicadores clave de econom\u00eda circular e innovaci\u00f3n sostenible<\/li>\n<li>Evaluaci\u00f3n del impacto de la IA y la colaboraci\u00f3n en la innovaci\u00f3n<\/li>\n<\/ul>\n<p>[\/et_pb_accordion_item][\/et_pb_accordion][\/et_pb_column][\/et_pb_row][\/et_pb_section][et_pb_section fb_built=&#8221;1&#8243; _builder_version=&#8221;4.23.1&#8243; _module_preset=&#8221;default&#8221; background_color=&#8221;rgba(81,172,50,0.11)&#8221; background_image=&#8221;https:\/\/www.cujtec.edu.co\/wp-content\/uploads\/2025\/08\/contacto-conexion1.png&#8221; custom_margin=&#8221;39px|||||&#8221; custom_padding=&#8221;180px||45px|||&#8221; background_last_edited=&#8221;on|desktop&#8221; background_enable_image_tablet=&#8221;off&#8221; da_disable_devices=&#8221;off|off|off&#8221; global_colors_info=&#8221;{}&#8221; da_is_popup=&#8221;off&#8221; da_exit_intent=&#8221;off&#8221; da_has_close=&#8221;on&#8221; da_alt_close=&#8221;off&#8221; da_dark_close=&#8221;off&#8221; da_not_modal=&#8221;on&#8221; da_is_singular=&#8221;off&#8221; da_with_loader=&#8221;off&#8221; da_has_shadow=&#8221;on&#8221;][et_pb_row column_structure=&#8221;1_2,1_2&#8243; _builder_version=&#8221;4.23.1&#8243; _module_preset=&#8221;default&#8221; custom_padding=&#8221;30px||2px|||&#8221; global_colors_info=&#8221;{}&#8221;][et_pb_column type=&#8221;1_2&#8243; _builder_version=&#8221;4.27.0&#8243; _module_preset=&#8221;default&#8221; global_colors_info=&#8221;{}&#8221;][et_pb_text _builder_version=&#8221;4.23.1&#8243; _module_preset=&#8221;default&#8221; header_2_font=&#8221;Overpass|700|||||||&#8221; header_2_font_size=&#8221;28px&#8221; global_colors_info=&#8221;{}&#8221;]<\/p>\n<h2><strong>Juntos construimos tu futuro y transformamos el tejido empresarial y social de la regi\u00f3n<\/strong><\/h2>\n<p>[\/et_pb_text][\/et_pb_column][et_pb_column type=&#8221;1_2&#8243; _builder_version=&#8221;4.27.0&#8243; _module_preset=&#8221;default&#8221; global_colors_info=&#8221;{}&#8221;][\/et_pb_column][\/et_pb_row][\/et_pb_section]<\/p>\n","protected":false},"excerpt":{"rendered":"<p>AlianzaCURSOInnovaci\u00f3n sostenible y gesti\u00f3n del conocimiento para pymes: econom\u00eda circular y herramientas colaborativas Inversi\u00f3n Tarifa plena $ 940.645 4% por pronto pago: Este descuento es el \u00fanico acumulable y aplica si pago es realizado un mes antes de iniciar el programa. NO aplica para pagos por factura empresarial. $ 903,019 10% por ser egresado o [&hellip;]<\/p>\n","protected":false},"author":2,"featured_media":0,"parent":0,"menu_order":0,"comment_status":"closed","ping_status":"closed","template":"","meta":{"_et_pb_use_builder":"on","_et_pb_old_content":"","_et_gb_content_width":"","_joinchat":[],"footnotes":""},"class_list":["post-200","page","type-page","status-publish","hentry"],"_links":{"self":[{"href":"https:\/\/www.cujtec.edu.co\/index.php\/wp-json\/wp\/v2\/pages\/200","targetHints":{"allow":["GET"]}}],"collection":[{"href":"https:\/\/www.cujtec.edu.co\/index.php\/wp-json\/wp\/v2\/pages"}],"about":[{"href":"https:\/\/www.cujtec.edu.co\/index.php\/wp-json\/wp\/v2\/types\/page"}],"author":[{"embeddable":true,"href":"https:\/\/www.cujtec.edu.co\/index.php\/wp-json\/wp\/v2\/users\/2"}],"replies":[{"embeddable":true,"href":"https:\/\/www.cujtec.edu.co\/index.php\/wp-json\/wp\/v2\/comments?post=200"}],"version-history":[{"count":47,"href":"https:\/\/www.cujtec.edu.co\/index.php\/wp-json\/wp\/v2\/pages\/200\/revisions"}],"predecessor-version":[{"id":1180,"href":"https:\/\/www.cujtec.edu.co\/index.php\/wp-json\/wp\/v2\/pages\/200\/revisions\/1180"}],"wp:attachment":[{"href":"https:\/\/www.cujtec.edu.co\/index.php\/wp-json\/wp\/v2\/media?parent=200"}],"curies":[{"name":"wp","href":"https:\/\/api.w.org\/{rel}","templated":true}]}}